{"id":34,"date":"2017-01-06T18:46:37","date_gmt":"2017-01-06T17:46:37","guid":{"rendered":"http:\/\/personalweb.buscochico.info\/demos\/angelcruz\/?page_id=34"},"modified":"2017-01-06T18:48:13","modified_gmt":"2017-01-06T17:48:13","slug":"servicios-extra","status":"publish","type":"page","link":"https:\/\/personalweb.buscochico.info\/demos\/angelcruz\/servicios-extra\/","title":{"rendered":"Servicios Extra"},"content":{"rendered":"<p>Fotos y grabaci\u00f3n &#8211; edici\u00f3n de v\u00eddeo.<\/p>\n<p><strong><a href=\"http:\/\/personalweb.buscochico.info\/demos\/angelcruz\/contact-form-3\/\">Consulta presupuesto<\/a>.<\/strong><\/p>\n","protected":false},"excerpt":{"rendered":"<p>Fotos y grabaci\u00f3n &#8211; edici\u00f3n de v\u00eddeo. Consulta presupuesto.<\/p>\n","protected":false},"author":1,"featured_media":0,"parent":0,"menu_order":0,"comment_status":"closed","ping_status":"closed","template":"","meta":{"_acf_changed":false,"footnotes":""},"class_list":["post-34","page","type-page","status-publish","hentry","wpautop"],"acf":[],"_links":{"self":[{"href":"https:\/\/personalweb.buscochico.info\/demos\/angelcruz\/wp-json\/wp\/v2\/pages\/34","targetHints":{"allow":["GET"]}}],"collection":[{"href":"https:\/\/personalweb.buscochico.info\/demos\/angelcruz\/wp-json\/wp\/v2\/pages"}],"about":[{"href":"https:\/\/personalweb.buscochico.info\/demos\/angelcruz\/wp-json\/wp\/v2\/types\/page"}],"author":[{"embeddable":true,"href":"https:\/\/personalweb.buscochico.info\/demos\/angelcruz\/wp-json\/wp\/v2\/users\/1"}],"replies":[{"embeddable":true,"href":"https:\/\/personalweb.buscochico.info\/demos\/angelcruz\/wp-json\/wp\/v2\/comments?post=34"}],"version-history":[{"count":4,"href":"https:\/\/personalweb.buscochico.info\/demos\/angelcruz\/wp-json\/wp\/v2\/pages\/34\/revisions"}],"predecessor-version":[{"id":38,"href":"https:\/\/personalweb.buscochico.info\/demos\/angelcruz\/wp-json\/wp\/v2\/pages\/34\/revisions\/38"}],"wp:attachment":[{"href":"https:\/\/personalweb.buscochico.info\/demos\/angelcruz\/wp-json\/wp\/v2\/media?parent=34"}],"curies":[{"name":"wp","href":"https:\/\/api.w.org\/{rel}","templated":true}]}}