{"id":33,"date":"2015-05-30T19:40:57","date_gmt":"2015-05-30T17:40:57","guid":{"rendered":"http:\/\/personalweb.buscochico.info\/demos\/cristiano\/?page_id=33"},"modified":"2015-05-31T14:04:21","modified_gmt":"2015-05-31T12:04:21","slug":"precios","status":"publish","type":"page","link":"https:\/\/personalweb.buscochico.info\/demos\/cristiano\/precios\/","title":{"rendered":"Precios"},"content":{"rendered":"<div id=\"rpt_pricr\" class=\"rpt_plans rpt_3_plans rpt_style_basic\"><div class=\"\"><div class=\"rpt_plan  rpt_plugin_f rpt_plan_0  \"><div style=\"text-align:left;\" class=\"rpt_title rpt_title_0\">Add ons<\/div><div class=\"rpt_head rpt_head_0\"><div class=\"rpt_price rpt_price_0\"><sup class=\"rpt_currency\">\u20ac<\/sup>50<\/div><div style=\"color:#dd9933;\" class=\"rpt_subtitle rpt_subtitle_0\">Renovaci\u00f3n de servicios<\/div><div class=\"rpt_description rpt_description_0\">Una vez al a\u00f1o hay que renovar el hosting y el dominio<\/div><\/div><div class=\"rpt_features rpt_features_0\"><div style=\"color:black;\" class=\"rpt_feature rpt_feature_0-0\">Renovaci\u00f3n de tu dominio .com .es .net .info\r<\/div><div style=\"color:black;\" class=\"rpt_feature rpt_feature_0-1\">Renovaci\u00f3n de tu hosting.\r<\/div><div style=\"color:black;\" class=\"rpt_feature rpt_feature_0-2\">Renovaci\u00f3n de tu mail personalizado.\r<\/div><div style=\"color:black;\" class=\"rpt_feature rpt_feature_0-3\">Actualizaciones de p\u00e1gina web y contenidos por un a\u00f1o.\r<\/div><div style=\"color:black;\" class=\"rpt_feature rpt_feature_0-4\">Recibe en tu m\u00f3vil por SMS los mensajes enviados desde la web (regalo de los 5 primeros SMS)<\/div><\/div><a target=\"_self\" href=\"http:\/\/personalweb.buscochico.info\/demos\/cristiano\/contact-form-3\/\" style=\"background:#dd9933\" class=\"rpt_foot rpt_foot_0\">Solicitar<\/a><\/div><div class=\"rpt_plan  rpt_plugin_f rpt_plan_1 rpt_recommended_plan \"><div style=\"text-align:left;\" class=\"rpt_title rpt_title_1\">Paquete b\u00e1sico<img decoding=\"async\" style=\"height:30px !important; width:30px !important;\" class=\"rpt_recommended\" src=\"https:\/\/personalweb.buscochico.info\/demos\/cristiano\/wp-content\/plugins\/dk-pricr-responsive-pricing-table\/inc\/img\/rpt_recommended.png\"\/><\/div><div class=\"rpt_head rpt_head_1\"><div class=\"rpt_price rpt_price_1\"><sup class=\"rpt_currency\"><\/sup>350<\/div><div style=\"color:#dd3333;\" class=\"rpt_subtitle rpt_subtitle_1\">Al mejor precio, la mejor imagen<\/div><div class=\"rpt_description rpt_description_1\">Presencia en Internet clara y efectiva. Buena imagen y profesionalidad<\/div><\/div><div class=\"rpt_features rpt_features_1\"><div style=\"color:black;\" class=\"rpt_feature rpt_feature_1-0\">Precio \u00fanico, solo una vez.\r<\/div><div style=\"color:black;\" class=\"rpt_feature rpt_feature_1-1\">Dise\u00f1o de tu imagen en Internet, basado en este ejemplo.\r<\/div><div style=\"color:black;\" class=\"rpt_feature rpt_feature_1-2\">Administraci\u00f3n y dise\u00f1o personalizado.\r<\/div><div style=\"color:black;\" class=\"rpt_feature rpt_feature_1-3\">Entrega de la web ya configurada.\r<\/div><div style=\"color:black;\" class=\"rpt_feature rpt_feature_1-4\">Web compatible con m\u00f3viles.\r<\/div><div style=\"color:black;\" class=\"rpt_feature rpt_feature_1-5\">Dominio .com .es .info .net gratis por un a\u00f1o.\r<\/div><div style=\"color:black;\" class=\"rpt_feature rpt_feature_1-6\">Mail personalizado.\r<\/div><div style=\"color:black;\" class=\"rpt_feature rpt_feature_1-7\">Hosting por un a\u00f1o.\r<\/div><div style=\"color:black;\" class=\"rpt_feature rpt_feature_1-8\">Actualizaciones por un a\u00f1o (fotos, v\u00eddeos, informaci\u00f3n).\r<\/div><div style=\"color:black;\" class=\"rpt_feature rpt_feature_1-9\">Creaci\u00f3n de hasta 5 subp\u00e1ginas (ejemplo:  contacto, fotos, v\u00eddeos, informaci\u00f3n, localizaci\u00f3n, etc...)\r<\/div><div style=\"color:black;\" class=\"rpt_feature rpt_feature_1-10\">Backup\r<\/div><div style=\"color:black;\" class=\"rpt_feature rpt_feature_1-11\">Renovaci\u00f3n de servicios: Dominios + Hosting, 50\u20ac \/a\u00f1o.\r<\/div><div style=\"color:black;\" class=\"rpt_feature rpt_feature_1-12\">Opci\u00f3n de otros dominios:  .club .xxx .actor .porn .sexy .sx .photos y cientos mas.\r<\/div><div style=\"color:black;\" class=\"rpt_feature rpt_feature_1-13\">Recibe en tu m\u00f3vil por SMS los mensajes enviados desde la web (regalo de los 10 primeros SMS)<\/div><\/div><a target=\"_self\" href=\"http:\/\/personalweb.buscochico.info\/demos\/cristiano\/contact-form-3\/\" style=\"background:#dd3333\" class=\"rpt_foot rpt_foot_1\">Solicitar<\/a><\/div><div class=\"rpt_plan  rpt_plugin_f rpt_plan_2  \"><div style=\"text-align:left;\" class=\"rpt_title rpt_title_2\">Add ons<\/div><div class=\"rpt_head rpt_head_2\"><div class=\"rpt_price rpt_price_2\"><sup class=\"rpt_currency\"><\/sup>480<\/div><div style=\"color:#1e73be;\" class=\"rpt_subtitle rpt_subtitle_2\">Sistema de contacto completo<\/div><div class=\"rpt_description rpt_description_2\">Pagos online, cita previa, recibir sms de contacto y mucho m\u00e1s.<\/div><\/div><div class=\"rpt_features rpt_features_2\"><div style=\"color:black;\" class=\"rpt_feature rpt_feature_2-0\">Deje a los clientes establecer y volver a programar citas en l\u00ednea.\r<\/div><div style=\"color:black;\" class=\"rpt_feature rpt_feature_2-1\">Listar sus servicios, honorarios y opciones de citas.\r<\/div><div style=\"color:black;\" class=\"rpt_feature rpt_feature_2-2\">Mostrar hasta al d\u00eda la disponibilidad por servicio.\r<\/div><div style=\"color:black;\" class=\"rpt_feature rpt_feature_2-3\">Sincronizaci\u00f3n con el tel\u00e9fono o calendario (Outlook, Google, iCal, etc).\r<\/div><div style=\"color:black;\" class=\"rpt_feature rpt_feature_2-4\">Reducir no-shows con invitaciones de calendario y recordatorios automatizados.\r<\/div><div style=\"color:black;\" class=\"rpt_feature rpt_feature_2-5\">Pagos online.\r<\/div><div style=\"color:black;\" class=\"rpt_feature rpt_feature_2-6\">Alertas m\u00f3viles (SMS) para las nuevas solicitudes de los clientes.\r<\/div><\/div><a target=\"_self\" href=\"http:\/\/personalweb.buscochico.info\/demos\/cristiano\/contact-form-3\/\" style=\"background:#1e73be\" class=\"rpt_foot rpt_foot_2\">Solicitar<\/a><\/div><\/div><\/div><div style=\"clear:both;\"><\/div>\n<p style=\"text-align: center;\">\n<p style=\"text-align: center;\">Si est\u00e1s interesado, consulta tambi\u00e9n nuestros posibles descuentos.<\/p>\n","protected":false},"excerpt":{"rendered":"<p>Si est\u00e1s interesado, consulta tambi\u00e9n nuestros posibles descuentos.<\/p>\n","protected":false},"author":1,"featured_media":0,"parent":0,"menu_order":0,"comment_status":"open","ping_status":"open","template":"template-page-full-width.php","meta":{"_acf_changed":false,"footnotes":""},"class_list":["post-33","page","type-page","status-publish","hentry","wpautop"],"acf":[],"_links":{"self":[{"href":"https:\/\/personalweb.buscochico.info\/demos\/cristiano\/wp-json\/wp\/v2\/pages\/33","targetHints":{"allow":["GET"]}}],"collection":[{"href":"https:\/\/personalweb.buscochico.info\/demos\/cristiano\/wp-json\/wp\/v2\/pages"}],"about":[{"href":"https:\/\/personalweb.buscochico.info\/demos\/cristiano\/wp-json\/wp\/v2\/types\/page"}],"author":[{"embeddable":true,"href":"https:\/\/personalweb.buscochico.info\/demos\/cristiano\/wp-json\/wp\/v2\/users\/1"}],"replies":[{"embeddable":true,"href":"https:\/\/personalweb.buscochico.info\/demos\/cristiano\/wp-json\/wp\/v2\/comments?post=33"}],"version-history":[{"count":3,"href":"https:\/\/personalweb.buscochico.info\/demos\/cristiano\/wp-json\/wp\/v2\/pages\/33\/revisions"}],"predecessor-version":[{"id":38,"href":"https:\/\/personalweb.buscochico.info\/demos\/cristiano\/wp-json\/wp\/v2\/pages\/33\/revisions\/38"}],"wp:attachment":[{"href":"https:\/\/personalweb.buscochico.info\/demos\/cristiano\/wp-json\/wp\/v2\/media?parent=33"}],"curies":[{"name":"wp","href":"https:\/\/api.w.org\/{rel}","templated":true}]}}