{"id":69,"date":"2015-11-02T21:14:35","date_gmt":"2015-11-02T20:14:35","guid":{"rendered":"http:\/\/personalweb.buscochico.info\/demos\/?post_type=product&#038;p=69"},"modified":"2015-11-02T22:16:38","modified_gmt":"2015-11-02T21:16:38","slug":"pack-esencial","status":"publish","type":"product","link":"https:\/\/personalweb.buscochico.info\/demos\/producto\/pack-esencial\/","title":{"rendered":"Pack esencial"},"content":{"rendered":"<p><strong>CONDONES UNILATEX &#8211; 144 UNIDADES<\/strong><\/p>\n<p>Caja de condones naturales con 144 unidades. Condones de l\u00e1tex de alta calidad (un preservativo muy fuerte, ancho, bien lubricado y ergon\u00f3mico). Excelente relaci\u00f3n calidad precio. Normativa InterNacional ISO 4070:2002.<\/p>\n<p><strong>LUBRIFICANTE AQUAGLIDE ANAL 100ML<\/strong><\/p>\n<p>En particular el lubricante AGUAglide Anal 100ml, est\u00e1 indicado especialmente para uso anal gracias a su alta densidad aunque tambi\u00e9n se puede aplicar en otros \u00f3rganos como el pene o la vagina.<\/p>\n<p><strong>RUSH ULTRA STRONG 10ML<\/strong><\/p>\n<p>El &#8220;Rush Ultra strong&#8221; ha vuelto! con su forma original 3X m\u00e1s fuerte que el normal Rush. Un Debe para amigos de ese aroma que les hace estallar<\/p>\n<div class=\"yourcustomclass\"><ul class=\"nav nav-tabs\" id=\"oscitas-tabs-0\"><li class=\"active\"><a class=\"\" href=\"#pane-0-0\" data-toggle=\"tab\">Condones 144 unidades<\/a><\/li><li class=\"\"><a class=\"\" href=\"#pane-0-1\" data-toggle=\"tab\">LUBRIFICANTE AQUAGLIDE ANAL<\/a><\/li><li class=\"\"><a class=\"\" href=\"#pane-0-2\" data-toggle=\"tab\">RUSH ULTRA STRONG<\/a><\/li><\/ul><div class=\"tab-content\"><div class=\"tab-pane active\" id=\"pane-0-0\"><\/p>\n<p><strong>MATERIAL:<\/strong><br \/>\nLatex.<\/p>\n<p><strong>DESCRIPCI\u00d3N:<\/strong><\/p>\n<p>Caja de condones naturales con 144 unidades.<br \/>\nCondones de l\u00e1tex de alta calidad (un preservativo muy fuerte, ancho, bien lubricado y ergon\u00f3mico).<br \/>\nExcelente relaci\u00f3n calidad precio.<br \/>\nNormativa InterNacional ISO 4070:2002.<\/p>\n<p><strong>DIMENSIONES:<\/strong><\/p>\n<p>Ancho nominal: 54mm.<br \/>\nLargo: 185mm.<br \/>\nGrosor: 0,070mm.<\/p>\n<p><\/div><div class=\"tab-pane \" id=\"pane-0-1\"><\/p>\n<p>En particular el lubricante AGUAglide Anal 100ml, est\u00e1 indicado especialmente para uso anal gracias a su alta densidad aunque tambi\u00e9n se puede aplicar en otros \u00f3rganos como el pene o la vagina. Presenta olor y flavour neutro, pH neutro y ha sido probado dermatol\u00f3gicamente sin mostrar efectos secundarios.<\/p>\n<p>Los lubricantes AQUAglide, fabricados por la reconocida empresa alemana Joydivision, son agradables soluciones ligeras a base de agua que ayudan o complementan los contactos \u00edntimos proporcionando una mayor intensidad de la sensaci\u00f3n y emoci\u00f3n durante el acto sexual. Esta familia de lubricantes AQUAglide pueden ser utilizados como gel de masaje de alta calidad o como el complemento ideal para el uso de condones de l\u00e1tex o de juguetes de seducci\u00f3n amorosa. M\u00e1s de diez a\u00f1os avalan a esta gama de productos utilizados tanto por hombres como mujeres europeos, convirti\u00e9ndolo en el lubricante preferido y m\u00e1s popular.<\/p>\n<p>&nbsp;<\/p>\n<p>Se presenta en envases de 100ML.<\/p>\n<p><\/div><div class=\"tab-pane \" id=\"pane-0-2\"><\/p>\n<p>El &#8220;Rush Ultra strong&#8221; ha vuelto! con su forma original 3X m\u00e1s fuerte que el normal Rush. Un Debe para amigos de ese aroma que les hace estallar.<\/p>\n<p>Descripci\u00f3n:\u00a0Extra fuerte.<br \/>\nComposici\u00f3n:\u00a0Legal.<br \/>\nContenido:\u00a010m<\/p>\n<p><\/div><\/div><\/div>\n","protected":false},"excerpt":{"rendered":"<p>CONDONES UNILATEX &#8211; 144 UNIDADES Caja de condones naturales con 144 unidades. Condones de l\u00e1tex de alta calidad (un preservativo muy fuerte, ancho, bien lubricado y ergon\u00f3mico). Excelente relaci\u00f3n calidad precio. Normativa InterNacional ISO 4070:2002. LUBRIFICANTE AQUAGLIDE ANAL 100ML En particular el lubricante AGUAglide Anal 100ml, est\u00e1 indicado especialmente para uso anal gracias a su &hellip; <a href=\"https:\/\/personalweb.buscochico.info\/demos\/producto\/pack-esencial\/\" class=\"more-link\">Sigue leyendo <span class=\"screen-reader-text\">Pack esencial<\/span><\/a><\/p>\n","protected":false},"featured_media":70,"comment_status":"open","ping_status":"closed","template":"","meta":{"_acf_changed":false},"product_cat":[17],"product_tag":[],"class_list":{"0":"post-69","1":"product","2":"type-product","3":"status-publish","4":"has-post-thumbnail","6":"product_cat-sin-categorizar","7":"wpautop","9":"first","10":"instock","11":"shipping-taxable","12":"purchasable","13":"product-type-simple"},"acf":[],"_links":{"self":[{"href":"https:\/\/personalweb.buscochico.info\/demos\/wp-json\/wp\/v2\/product\/69","targetHints":{"allow":["GET"]}}],"collection":[{"href":"https:\/\/personalweb.buscochico.info\/demos\/wp-json\/wp\/v2\/product"}],"about":[{"href":"https:\/\/personalweb.buscochico.info\/demos\/wp-json\/wp\/v2\/types\/product"}],"replies":[{"embeddable":true,"href":"https:\/\/personalweb.buscochico.info\/demos\/wp-json\/wp\/v2\/comments?post=69"}],"wp:featuredmedia":[{"embeddable":true,"href":"https:\/\/personalweb.buscochico.info\/demos\/wp-json\/wp\/v2\/media\/70"}],"wp:attachment":[{"href":"https:\/\/personalweb.buscochico.info\/demos\/wp-json\/wp\/v2\/media?parent=69"}],"wp:term":[{"taxonomy":"product_cat","embeddable":true,"href":"https:\/\/personalweb.buscochico.info\/demos\/wp-json\/wp\/v2\/product_cat?post=69"},{"taxonomy":"product_tag","embeddable":true,"href":"https:\/\/personalweb.buscochico.info\/demos\/wp-json\/wp\/v2\/product_tag?post=69"}],"curies":[{"name":"wp","href":"https:\/\/api.w.org\/{rel}","templated":true}]}}